{"id":82,"date":"2023-03-30T22:30:46","date_gmt":"2023-03-31T02:30:46","guid":{"rendered":"https:\/\/alliancesante.ca\/volunteer\/"},"modified":"2023-03-30T23:43:45","modified_gmt":"2023-03-31T03:43:45","slug":"politique-confidentialite","status":"publish","type":"page","link":"https:\/\/alliancesante.ca\/en\/politique-confidentialite\/","title":{"rendered":"Privacy Policy"},"content":{"rendered":"<div data-elementor-type=\"wp-page\" data-elementor-id=\"82\" class=\"elementor elementor-82\">\n\t\t\t\t\t\t\t\t\t<section class=\"elementor-section elementor-top-section elementor-element elementor-element-de25abb elementor-section-boxed elementor-section-height-default elementor-section-height-default\" data-id=\"de25abb\" data-element_type=\"section\">\n\t\t\t\t\t\t<div class=\"elementor-container elementor-column-gap-default\">\n\t\t\t\t\t<div class=\"elementor-column elementor-col-100 elementor-top-column elementor-element elementor-element-5e2ef18\" data-id=\"5e2ef18\" data-element_type=\"column\">\n\t\t\t<div class=\"elementor-widget-wrap elementor-element-populated\">\n\t\t\t\t\t\t\t\t<div class=\"elementor-element elementor-element-f78922c elementor-widget elementor-widget-spacer\" data-id=\"f78922c\" data-element_type=\"widget\" data-widget_type=\"spacer.default\">\n\t\t\t\t<div class=\"elementor-widget-container\">\n\t\t\t<style>\/*! elementor - v3.15.0 - 09-08-2023 *\/\n.elementor-column .elementor-spacer-inner{height:var(--spacer-size)}.e-con{--container-widget-width:100%}.e-con-inner>.elementor-widget-spacer,.e-con>.elementor-widget-spacer{width:var(--container-widget-width,var(--spacer-size));--align-self:var(--container-widget-align-self,initial);--flex-shrink:0}.e-con-inner>.elementor-widget-spacer>.elementor-widget-container,.e-con-inner>.elementor-widget-spacer>.elementor-widget-container>.elementor-spacer,.e-con>.elementor-widget-spacer>.elementor-widget-container,.e-con>.elementor-widget-spacer>.elementor-widget-container>.elementor-spacer{height:100%}.e-con-inner>.elementor-widget-spacer>.elementor-widget-container>.elementor-spacer>.elementor-spacer-inner,.e-con>.elementor-widget-spacer>.elementor-widget-container>.elementor-spacer>.elementor-spacer-inner{height:var(--container-widget-height,var(--spacer-size))}<\/style>\t\t<div class=\"elementor-spacer\">\n\t\t\t<div class=\"elementor-spacer-inner\"><\/div>\n\t\t<\/div>\n\t\t\t\t<\/div>\n\t\t\t\t<\/div>\n\t\t\t\t<div class=\"elementor-element elementor-element-14cdd56 elementor-widget elementor-widget-heading\" data-id=\"14cdd56\" data-element_type=\"widget\" data-widget_type=\"heading.default\">\n\t\t\t\t<div class=\"elementor-widget-container\">\n\t\t\t<style>\/*! elementor - v3.15.0 - 09-08-2023 *\/\n.elementor-heading-title{padding:0;margin:0;line-height:1}.elementor-widget-heading .elementor-heading-title[class*=elementor-size-]>a{color:inherit;font-size:inherit;line-height:inherit}.elementor-widget-heading .elementor-heading-title.elementor-size-small{font-size:15px}.elementor-widget-heading .elementor-heading-title.elementor-size-medium{font-size:19px}.elementor-widget-heading .elementor-heading-title.elementor-size-large{font-size:29px}.elementor-widget-heading .elementor-heading-title.elementor-size-xl{font-size:39px}.elementor-widget-heading .elementor-heading-title.elementor-size-xxl{font-size:59px}<\/style><h1 class=\"elementor-heading-title elementor-size-default\">Privacy Policy<\/h1>\t\t<\/div>\n\t\t\t\t<\/div>\n\t\t\t\t\t<\/div>\n\t\t<\/div>\n\t\t\t\t\t\t\t<\/div>\n\t\t<\/section>\n\t\t\t\t<section class=\"elementor-section elementor-top-section elementor-element elementor-element-635e022 elementor-section-boxed elementor-section-height-default elementor-section-height-default\" data-id=\"635e022\" data-element_type=\"section\">\n\t\t\t\t\t\t<div class=\"elementor-container elementor-column-gap-default\">\n\t\t\t\t\t<div class=\"elementor-column elementor-col-100 elementor-top-column elementor-element elementor-element-3618731\" data-id=\"3618731\" data-element_type=\"column\">\n\t\t\t<div class=\"elementor-widget-wrap elementor-element-populated\">\n\t\t\t\t\t\t\t\t<div class=\"elementor-element elementor-element-ebab453 elementor-widget elementor-widget-text-editor\" data-id=\"ebab453\" data-element_type=\"widget\" data-widget_type=\"text-editor.default\">\n\t\t\t\t<div class=\"elementor-widget-container\">\n\t\t\t<style>\/*! elementor - v3.15.0 - 09-08-2023 *\/\n.elementor-widget-text-editor.elementor-drop-cap-view-stacked .elementor-drop-cap{background-color:#69727d;color:#fff}.elementor-widget-text-editor.elementor-drop-cap-view-framed .elementor-drop-cap{color:#69727d;border:3px solid;background-color:transparent}.elementor-widget-text-editor:not(.elementor-drop-cap-view-default) .elementor-drop-cap{margin-top:8px}.elementor-widget-text-editor:not(.elementor-drop-cap-view-default) .elementor-drop-cap-letter{width:1em;height:1em}.elementor-widget-text-editor .elementor-drop-cap{float:left;text-align:center;line-height:1;font-size:50px}.elementor-widget-text-editor .elementor-drop-cap-letter{display:inline-block}<\/style>\t\t\t\t<p>Health Alliance recognizes the importance of protecting your privacy and personal information. That is why Health Alliance has created this privacy statement to demonstrate its firm commitment to the privacy of personal information provided by those who visit, interact with and use our services.<\/p><p>Alliance sant\u00e9 respects your confidentiality and undertakes not to use or communicate your personal information whatsoever and to anyone in accordance with this information protection and confidentiality policy and international standards in the collection and data protection.<\/p><p>This policy will be evaluated continuously and according to new technologies, business practices and the needs of our customers.<\/p><p>De plus, en tout temps, si vous ne d\u00e9sirez plus recevoir d\u2019informations de notre part, de quelque fa\u00e7on que ce soit, veuillez nous en informer en nous envoyant un courriel \u00e0 info@alliancesante.ca en \u00e9crivant \u201cD\u00e9sabonnement\u201d dans le sujet du message OU utilisez simplement le lien &#8220;Se d\u00e9sinscrire&#8221; qui se trouve \u00e0 la fin de notre infolettre.<\/p>\t\t\t\t\t\t<\/div>\n\t\t\t\t<\/div>\n\t\t\t\t<div class=\"elementor-element elementor-element-9268086 elementor-widget elementor-widget-text-editor\" data-id=\"9268086\" data-element_type=\"widget\" data-widget_type=\"text-editor.default\">\n\t\t\t\t<div class=\"elementor-widget-container\">\n\t\t\t\t\t\t\t<p><strong>Also take note that<\/strong><\/p><ul><li>Before or at the time of collecting personal information, we will identify the purposes for which the information is collected.<\/li><li>We will collect and use personal information only for the purpose of achieving the purposes specified by us and for other compatible purposes, unless we obtain the consent of the individual concerned or as required by law.<\/li><li>We will retain personal information only as long as necessary to fulfill these purposes.<\/li><li>We will collect personal information by lawful and fair means and, where appropriate, with the knowledge or consent of the individual concerned.<\/li><li>Personal data must be relevant to the purposes for which they are to be used and, to the extent necessary for those purposes, must be accurate, complete and up to date.<\/li><li>We will protect personal information by reasonable security safeguards against loss or theft, as well as unauthorized access, disclosure, copying, use or modification.<\/li><li>We will make readily available to customers information about our policies and practices relating to the management of personal information.<\/li><li>We are committed to conducting our business in accordance with these principles to ensure that the confidentiality of personal information is protected and maintained.<\/li><\/ul>\t\t\t\t\t\t<\/div>\n\t\t\t\t<\/div>\n\t\t\t\t<div class=\"elementor-element elementor-element-cc3d75b elementor-widget elementor-widget-text-editor\" data-id=\"cc3d75b\" data-element_type=\"widget\" data-widget_type=\"text-editor.default\">\n\t\t\t\t<div class=\"elementor-widget-container\">\n\t\t\t\t\t\t\t<h3>L&#8217;\u00e9quipe de Direction<\/h3><h4>Alliance sant\u00e9<\/h4><p><a href=\"mailto:info@alliancesante.ca\" target=\"_blank\" rel=\"noopener\">info@alliancesante.ca<\/a><\/p>\t\t\t\t\t\t<\/div>\n\t\t\t\t<\/div>\n\t\t\t\t<div class=\"elementor-element elementor-element-a9f61e4 elementor-widget elementor-widget-text-editor\" data-id=\"a9f61e4\" data-element_type=\"widget\" data-widget_type=\"text-editor.default\">\n\t\t\t\t<div class=\"elementor-widget-container\">\n\t\t\t\t\t\t\t<p><strong>Last update<\/strong><br \/>March 30th, 2023<\/p>\t\t\t\t\t\t<\/div>\n\t\t\t\t<\/div>\n\t\t\t\t\t<\/div>\n\t\t<\/div>\n\t\t\t\t\t\t\t<\/div>\n\t\t<\/section>\n\t\t\t\t\t\t\t<\/div>","protected":false},"excerpt":{"rendered":"<p>Politique de Confidentialit\u00e9 Alliance sant\u00e9 reconna\u00eet l\u2019importance de prot\u00e9ger votre vie priv\u00e9e et vos informations personnelles. C\u2019est pourquoi Alliance sant\u00e9 a cr\u00e9\u00e9 cette d\u00e9claration de confidentialit\u00e9 afin de d\u00e9montrer son engagement ferme en ce qui a trait \u00e0 la confidentialit\u00e9 des renseignements personnels fournis par ceux qui visitent, interagissent et utilisent nos services. Alliance sant\u00e9 [&hellip;]<\/p>","protected":false},"author":3,"featured_media":0,"parent":0,"menu_order":0,"comment_status":"closed","ping_status":"closed","template":"","meta":{"om_disable_all_campaigns":false,"footnotes":""},"class_list":["post-82","page","type-page","status-publish","hentry"],"aioseo_notices":[],"_links":{"self":[{"href":"https:\/\/alliancesante.ca\/en\/wp-json\/wp\/v2\/pages\/82","targetHints":{"allow":["GET"]}}],"collection":[{"href":"https:\/\/alliancesante.ca\/en\/wp-json\/wp\/v2\/pages"}],"about":[{"href":"https:\/\/alliancesante.ca\/en\/wp-json\/wp\/v2\/types\/page"}],"author":[{"embeddable":true,"href":"https:\/\/alliancesante.ca\/en\/wp-json\/wp\/v2\/users\/3"}],"replies":[{"embeddable":true,"href":"https:\/\/alliancesante.ca\/en\/wp-json\/wp\/v2\/comments?post=82"}],"version-history":[{"count":14,"href":"https:\/\/alliancesante.ca\/en\/wp-json\/wp\/v2\/pages\/82\/revisions"}],"predecessor-version":[{"id":3162,"href":"https:\/\/alliancesante.ca\/en\/wp-json\/wp\/v2\/pages\/82\/revisions\/3162"}],"wp:attachment":[{"href":"https:\/\/alliancesante.ca\/en\/wp-json\/wp\/v2\/media?parent=82"}],"curies":[{"name":"wp","href":"https:\/\/api.w.org\/{rel}","templated":true}]}}