{"id":3638,"date":"2025-03-25T08:01:07","date_gmt":"2025-03-25T12:01:07","guid":{"rendered":"https:\/\/alliancesante.ca\/?page_id=3638"},"modified":"2025-04-01T19:03:01","modified_gmt":"2025-04-01T23:03:01","slug":"lequipe-soins-a-domicile-se-joint-a-alliance-sante","status":"publish","type":"page","link":"https:\/\/alliancesante.ca\/en\/lequipe-soins-a-domicile-se-joint-a-alliance-sante\/","title":{"rendered":"Soins a domicile-L\u2019Equipe se joint a Alliance Sant\u00e9"},"content":{"rendered":"<p><strong>Soins a domicile-L\u2019Equipe<\/strong> devient <strong>Alliance Sant\u00e9 soutien a domicile<\/strong>.<\/p>\n<p>Alliance Sant\u00e9 Soutien a Domicile d\u00e9sire se positionner comme l\u2019alternative pragmatique aux enjeux de maintien \u00e0 domicile en offrant <strong>des solutions uniques permettant une exp\u00e9rience client optimale.<\/strong><\/p>\n<p>Alliance Sant\u00e9 offre des visites \u00e0 domicile ou en h\u00f4pital afin de passer en revue toutes vos options de soins \u00e0 domicile, le tout,\u00a0<strong>sans frais et sans engagement!<\/strong><\/p>\n<p><a href=\"https:\/\/alliancesante.ca\/en\/service-de-soins-a-domicile\/\"><br \/>\nCliquez ici pour connaitre tout nos services<br \/>\n<\/a><\/p>\n<style>\/*! elementor - v3.15.0 - 09-08-2023 *\/<br \/>.elementor-widget-image{text-align:center}.elementor-widget-image a{display:inline-block}.elementor-widget-image a img[src$=\".svg\"]{width:48px}.elementor-widget-image img{vertical-align:middle;display:inline-block}<\/style>\n<p><img loading=\"lazy\" decoding=\"async\" src=\"https:\/\/alliancesante.ca\/wp-content\/uploads\/2021\/09\/alliance-sante-soins-a-domicile-personnalises-avc-300x200.jpg\" sizes=\"auto, (max-width: 300px) 100vw, 300px\" srcset=\"https:\/\/alliancesante.ca\/wp-content\/uploads\/2021\/09\/alliance-sante-soins-a-domicile-personnalises-avc-300x200.jpg 300w, https:\/\/alliancesante.ca\/wp-content\/uploads\/2021\/09\/alliance-sante-soins-a-domicile-personnalises-avc-768x512.jpg 768w, https:\/\/alliancesante.ca\/wp-content\/uploads\/2021\/09\/alliance-sante-soins-a-domicile-personnalises-avc-18x12.jpg 18w, https:\/\/alliancesante.ca\/wp-content\/uploads\/2021\/09\/alliance-sante-soins-a-domicile-personnalises-avc.jpg 848w\" alt=\"Alliance sant\u00e9 - Soins \u00e0 domicile personnalis\u00e9s - AVC\" width=\"300\" height=\"200\" \/><\/p>\n<style>\/*! elementor-pro - v3.13.2 - 22-05-2023 *\/<br \/>@charset \"UTF-8\";.entry-content blockquote.elementor-blockquote:not(.alignright):not(.alignleft),.entry-summary blockquote.elementor-blockquote{margin-right:0;margin-left:0}.elementor-widget-blockquote blockquote{margin:0;padding:0;outline:0;font-size:100%;vertical-align:baseline;background:transparent;quotes:none;border:0;font-style:normal;color:#3f444b}.elementor-widget-blockquote blockquote .e-q-footer:after,.elementor-widget-blockquote blockquote .e-q-footer:before,.elementor-widget-blockquote blockquote:after,.elementor-widget-blockquote blockquote:before,.elementor-widget-blockquote blockquote cite:after,.elementor-widget-blockquote blockquote cite:before{content:none}.elementor-blockquote{transition:.3s}.elementor-blockquote__author,.elementor-blockquote__content{margin-bottom:0;font-style:normal}.elementor-blockquote__author{font-weight:700}.elementor-blockquote .e-q-footer{margin-top:12px;display:flex;justify-content:space-between}.elementor-blockquote__tweet-button{display:flex;transition:.3s;color:#1da1f2;align-self:flex-end;line-height:1;position:relative;width:-moz-max-content;width:max-content}.elementor-blockquote__tweet-button:hover{color:#0967a0}.elementor-blockquote__tweet-button span{font-weight:600}.elementor-blockquote__tweet-button i,.elementor-blockquote__tweet-button span{vertical-align:middle}.elementor-blockquote__tweet-button i+span,.elementor-blockquote__tweet-button svg+span{margin-left:.5em}.elementor-blockquote__tweet-button svg{fill:#1da1f2;height:1em;width:1em}.elementor-blockquote__tweet-label{white-space:pre-wrap}.elementor-blockquote--button-skin-bubble .elementor-blockquote__tweet-button,.elementor-blockquote--button-skin-classic .elementor-blockquote__tweet-button{padding:.7em 1.2em;border-radius:100em;background-color:#1da1f2;color:#fff;font-size:15px}.elementor-blockquote--button-skin-bubble .elementor-blockquote__tweet-button:hover,.elementor-blockquote--button-skin-classic .elementor-blockquote__tweet-button:hover{background-color:#0967a0;color:#fff}.elementor-blockquote--button-skin-bubble .elementor-blockquote__tweet-button:hover:before,.elementor-blockquote--button-skin-classic .elementor-blockquote__tweet-button:hover:before{border-right-color:#0967a0}.elementor-blockquote--button-skin-bubble .elementor-blockquote__tweet-button svg,.elementor-blockquote--button-skin-classic .elementor-blockquote__tweet-button svg{fill:#fff;height:1em;width:1em}.elementor-blockquote--button-skin-bubble.elementor-blockquote--button-view-icon .elementor-blockquote__tweet-button,.elementor-blockquote--button-skin-classic.elementor-blockquote--button-view-icon .elementor-blockquote__tweet-button{padding:0;width:2em;height:2em}.elementor-blockquote--button-skin-bubble.elementor-blockquote--button-view-icon .elementor-blockquote__tweet-button i,.elementor-blockquote--button-skin-classic.elementor-blockquote--button-view-icon .elementor-blockquote__tweet-button i{position:absolute;left:50%;top:50%;transform:translate(-50%,-50%)}.elementor-blockquote--button-skin-bubble .elementor-blockquote__tweet-button:before{content:\"\";border:.5em solid transparent;border-right-color:#1da1f2;position:absolute;left:-.8em;top:50%;transform:translateY(-50%) scaleY(.65);transition:.3s}.elementor-blockquote--button-skin-bubble.elementor-blockquote--align-left .elementor-blockquote__tweet-button:before{right:auto;left:-.8em;border-right-color:#1da1f2;border-left-color:transparent}.elementor-blockquote--button-skin-bubble.elementor-blockquote--align-left .elementor-blockquote__tweet-button:hover:before{border-right-color:#0967a0}.elementor-blockquote--button-skin-bubble.elementor-blockquote--align-right .elementor-blockquote__tweet-button:before{left:auto;right:-.8em;border-right-color:transparent;border-left-color:#1da1f2}.elementor-blockquote--button-skin-bubble.elementor-blockquote--align-right .elementor-blockquote__tweet-button:hover:before{border-left-color:#0967a0}.elementor-blockquote--skin-boxed .elementor-blockquote{background-color:#f9fafa;padding:30px}.elementor-blockquote--skin-border .elementor-blockquote{border-color:#f9fafa;border-left:7px #f9fafa;border-style:solid;padding-left:20px}.elementor-blockquote--skin-quotation .elementor-blockquote:before{content:\"\u201c\";font-size:100px;color:#f9fafa;font-family:Times New Roman,Times,serif;font-weight:900;line-height:1;display:block;height:.6em}.elementor-blockquote--skin-quotation .elementor-blockquote__content{margin-top:15px}.elementor-blockquote--align-left .elementor-blockquote__content{text-align:left}.elementor-blockquote--align-left .elementor-blockquote .e-q-footer{flex-direction:row}.elementor-blockquote--align-right .elementor-blockquote__content{text-align:right}.elementor-blockquote--align-right .elementor-blockquote .e-q-footer{flex-direction:row-reverse}.elementor-blockquote--align-center .elementor-blockquote{text-align:center}.elementor-blockquote--align-center .elementor-blockquote .e-q-footer,.elementor-blockquote--align-center .elementor-blockquote__author{display:block}.elementor-blockquote--align-center .elementor-blockquote__tweet-button{margin-right:auto;margin-left:auto}<\/style>","protected":false},"excerpt":{"rendered":"<p>Soins a domicile-L\u2019Equipe devient Alliance Sant\u00e9 soutien a domicile. Alliance Sant\u00e9 Soutien a Domicile d\u00e9sire se positionner comme l\u2019alternative pragmatique aux enjeux de maintien \u00e0 domicile en offrant des solutions uniques permettant une exp\u00e9rience client optimale. Alliance Sant\u00e9 offre des visites \u00e0 domicile ou en h\u00f4pital afin de passer en revue toutes vos options de [&hellip;]<\/p>","protected":false},"author":2,"featured_media":0,"parent":0,"menu_order":0,"comment_status":"closed","ping_status":"closed","template":"","meta":{"om_disable_all_campaigns":false,"footnotes":""},"class_list":["post-3638","page","type-page","status-publish","hentry"],"aioseo_notices":[],"_links":{"self":[{"href":"https:\/\/alliancesante.ca\/en\/wp-json\/wp\/v2\/pages\/3638","targetHints":{"allow":["GET"]}}],"collection":[{"href":"https:\/\/alliancesante.ca\/en\/wp-json\/wp\/v2\/pages"}],"about":[{"href":"https:\/\/alliancesante.ca\/en\/wp-json\/wp\/v2\/types\/page"}],"author":[{"embeddable":true,"href":"https:\/\/alliancesante.ca\/en\/wp-json\/wp\/v2\/users\/2"}],"replies":[{"embeddable":true,"href":"https:\/\/alliancesante.ca\/en\/wp-json\/wp\/v2\/comments?post=3638"}],"version-history":[{"count":27,"href":"https:\/\/alliancesante.ca\/en\/wp-json\/wp\/v2\/pages\/3638\/revisions"}],"predecessor-version":[{"id":3672,"href":"https:\/\/alliancesante.ca\/en\/wp-json\/wp\/v2\/pages\/3638\/revisions\/3672"}],"wp:attachment":[{"href":"https:\/\/alliancesante.ca\/en\/wp-json\/wp\/v2\/media?parent=3638"}],"curies":[{"name":"wp","href":"https:\/\/api.w.org\/{rel}","templated":true}]}}